{"id":1056,"date":"2021-04-30T17:51:37","date_gmt":"2021-04-30T15:51:37","guid":{"rendered":"https:\/\/legrenier-meublesolidaire-tarbes.fr\/?page_id=1056"},"modified":"2021-04-30T17:57:00","modified_gmt":"2021-04-30T15:57:00","slug":"remerciements","status":"publish","type":"page","link":"https:\/\/legrenier-meublesolidaire-tarbes.fr\/index.php\/remerciements\/","title":{"rendered":"REMERCIEMENTS"},"content":{"rendered":"\n<div class=\"wp-block-media-text alignwide is-stacked-on-mobile has-cyan-bluish-gray-background-color has-background\" style=\"grid-template-columns:51% auto\"><figure class=\"wp-block-media-text__media\"><a href=\"https:\/\/www.fondation-saint-martin.org\/\"><img loading=\"lazy\" width=\"501\" height=\"205\" src=\"https:\/\/legrenier-meublesolidaire-tarbes.fr\/wp-content\/uploads\/2021\/04\/fondation-saint-martin.jpg\" alt=\"\" class=\"wp-image-1057\" srcset=\"https:\/\/legrenier-meublesolidaire-tarbes.fr\/wp-content\/uploads\/2021\/04\/fondation-saint-martin.jpg 501w, https:\/\/legrenier-meublesolidaire-tarbes.fr\/wp-content\/uploads\/2021\/04\/fondation-saint-martin-300x123.jpg 300w\" sizes=\"(max-width: 501px) 100vw, 501px\" \/><\/a><\/figure><div class=\"wp-block-media-text__content\">\n<p class=\"has-text-align-left has-black-color has-text-color\" style=\"font-size:22px\"><strong>L&#8217;Association SOLIDAR&#8217;meubles et tous ses membres remercient la FONDATION SAINT MARTIN pour le soutien et l&#8217;aide apport\u00e9s \u00e0 son d\u00e9veloppement.<\/strong><\/p>\n\n\n\n<p style=\"font-size:18px\"><strong><span class=\"has-inline-color has-black-color\">MERCI POUR CE PARTENARIAT<\/span><\/strong><\/p>\n<\/div><\/div>\n\n\n\n<p><a href=\"https:\/\/www.fondation-saint-martin.org\">https:\/\/www.fondation-saint-martin.org<\/a><\/p>\n","protected":false},"excerpt":{"rendered":"<p>L&#8217;Association SOLIDAR&#8217;meubles et tous ses membres remercient la FONDATION SAINT MARTIN pour le soutien et l&#8217;aide apport\u00e9s \u00e0 son d\u00e9veloppement. MERCI POUR CE PARTENARIAT https:\/\/www.fondation-saint-martin.org<\/p>\n","protected":false},"author":1,"featured_media":0,"parent":0,"menu_order":0,"comment_status":"closed","ping_status":"closed","template":"","meta":[],"yoast_head":"<!-- This site is optimized with the Yoast SEO plugin v15.7 - https:\/\/yoast.com\/wordpress\/plugins\/seo\/ -->\n<title>REMERCIEMENTS - LE GRENIER Meubles Solidaires TARBES<\/title>\n<meta name=\"robots\" content=\"index, follow, max-snippet:-1, max-image-preview:large, max-video-preview:-1\" \/>\n<link rel=\"canonical\" href=\"https:\/\/legrenier-meublesolidaire-tarbes.fr\/index.php\/remerciements\/\" \/>\n<meta property=\"og:locale\" content=\"fr_FR\" \/>\n<meta property=\"og:type\" content=\"article\" \/>\n<meta property=\"og:title\" content=\"REMERCIEMENTS - LE GRENIER Meubles Solidaires TARBES\" \/>\n<meta property=\"og:description\" content=\"L&#8217;Association SOLIDAR&#8217;meubles et tous ses membres remercient la FONDATION SAINT MARTIN pour le soutien et l&#8217;aide apport\u00e9s \u00e0 son d\u00e9veloppement. MERCI POUR CE PARTENARIAT https:\/\/www.fondation-saint-martin.org\" \/>\n<meta property=\"og:url\" content=\"https:\/\/legrenier-meublesolidaire-tarbes.fr\/index.php\/remerciements\/\" \/>\n<meta property=\"og:site_name\" content=\"LE GRENIER Meubles Solidaires TARBES\" \/>\n<meta property=\"article:publisher\" content=\"https:\/\/www.facebook.com\/solidarmeublestarbes\/\" \/>\n<meta property=\"article:modified_time\" content=\"2021-04-30T15:57:00+00:00\" \/>\n<meta property=\"og:image\" content=\"https:\/\/legrenier-meublesolidaire-tarbes.fr\/wp-content\/uploads\/2021\/04\/fondation-saint-martin.jpg\" \/>\n<meta name=\"twitter:card\" content=\"summary_large_image\" \/>\n<meta name=\"twitter:label1\" content=\"Dur\u00e9e de lecture est.\">\n\t<meta name=\"twitter:data1\" content=\"1 minute\">\n<script type=\"application\/ld+json\" class=\"yoast-schema-graph\">{\"@context\":\"https:\/\/schema.org\",\"@graph\":[{\"@type\":\"Organization\",\"@id\":\"https:\/\/legrenier-meublesolidaire-tarbes.fr\/#organization\",\"name\":\"SOLIDAR'meubles LE GRENIER\",\"url\":\"https:\/\/legrenier-meublesolidaire-tarbes.fr\/\",\"sameAs\":[\"https:\/\/www.facebook.com\/solidarmeublestarbes\/\"],\"logo\":{\"@type\":\"ImageObject\",\"@id\":\"https:\/\/legrenier-meublesolidaire-tarbes.fr\/#logo\",\"inLanguage\":\"fr-FR\",\"url\":\"https:\/\/legrenier-meublesolidaire-tarbes.fr\/wp-content\/uploads\/2020\/11\/LOGO-SOLIDAR-M.jpg\",\"width\":153,\"height\":150,\"caption\":\"SOLIDAR'meubles LE GRENIER\"},\"image\":{\"@id\":\"https:\/\/legrenier-meublesolidaire-tarbes.fr\/#logo\"}},{\"@type\":\"WebSite\",\"@id\":\"https:\/\/legrenier-meublesolidaire-tarbes.fr\/#website\",\"url\":\"https:\/\/legrenier-meublesolidaire-tarbes.fr\/\",\"name\":\"LE GRENIER Meubles Solidaires TARBES\",\"description\":\"Embellissez votre int\\u00e9rieur avec nos ventes de meubles solidaires\",\"publisher\":{\"@id\":\"https:\/\/legrenier-meublesolidaire-tarbes.fr\/#organization\"},\"potentialAction\":[{\"@type\":\"SearchAction\",\"target\":\"https:\/\/legrenier-meublesolidaire-tarbes.fr\/?s={search_term_string}\",\"query-input\":\"required name=search_term_string\"}],\"inLanguage\":\"fr-FR\"},{\"@type\":\"ImageObject\",\"@id\":\"https:\/\/legrenier-meublesolidaire-tarbes.fr\/index.php\/remerciements\/#primaryimage\",\"inLanguage\":\"fr-FR\",\"url\":\"https:\/\/legrenier-meublesolidaire-tarbes.fr\/wp-content\/uploads\/2021\/04\/fondation-saint-martin.jpg\",\"width\":501,\"height\":205},{\"@type\":\"WebPage\",\"@id\":\"https:\/\/legrenier-meublesolidaire-tarbes.fr\/index.php\/remerciements\/#webpage\",\"url\":\"https:\/\/legrenier-meublesolidaire-tarbes.fr\/index.php\/remerciements\/\",\"name\":\"REMERCIEMENTS - LE GRENIER Meubles Solidaires TARBES\",\"isPartOf\":{\"@id\":\"https:\/\/legrenier-meublesolidaire-tarbes.fr\/#website\"},\"primaryImageOfPage\":{\"@id\":\"https:\/\/legrenier-meublesolidaire-tarbes.fr\/index.php\/remerciements\/#primaryimage\"},\"datePublished\":\"2021-04-30T15:51:37+00:00\",\"dateModified\":\"2021-04-30T15:57:00+00:00\",\"inLanguage\":\"fr-FR\",\"potentialAction\":[{\"@type\":\"ReadAction\",\"target\":[\"https:\/\/legrenier-meublesolidaire-tarbes.fr\/index.php\/remerciements\/\"]}]}]}<\/script>\n<!-- \/ Yoast SEO plugin. -->","_links":{"self":[{"href":"https:\/\/legrenier-meublesolidaire-tarbes.fr\/index.php\/wp-json\/wp\/v2\/pages\/1056"}],"collection":[{"href":"https:\/\/legrenier-meublesolidaire-tarbes.fr\/index.php\/wp-json\/wp\/v2\/pages"}],"about":[{"href":"https:\/\/legrenier-meublesolidaire-tarbes.fr\/index.php\/wp-json\/wp\/v2\/types\/page"}],"author":[{"embeddable":true,"href":"https:\/\/legrenier-meublesolidaire-tarbes.fr\/index.php\/wp-json\/wp\/v2\/users\/1"}],"replies":[{"embeddable":true,"href":"https:\/\/legrenier-meublesolidaire-tarbes.fr\/index.php\/wp-json\/wp\/v2\/comments?post=1056"}],"version-history":[{"count":8,"href":"https:\/\/legrenier-meublesolidaire-tarbes.fr\/index.php\/wp-json\/wp\/v2\/pages\/1056\/revisions"}],"predecessor-version":[{"id":1066,"href":"https:\/\/legrenier-meublesolidaire-tarbes.fr\/index.php\/wp-json\/wp\/v2\/pages\/1056\/revisions\/1066"}],"wp:attachment":[{"href":"https:\/\/legrenier-meublesolidaire-tarbes.fr\/index.php\/wp-json\/wp\/v2\/media?parent=1056"}],"curies":[{"name":"wp","href":"https:\/\/api.w.org\/{rel}","templated":true}]}}