{"id":1152,"date":"2021-05-27T20:05:17","date_gmt":"2021-05-27T18:05:17","guid":{"rendered":"https:\/\/legrenier-meublesolidaire-tarbes.fr\/?page_id=1152"},"modified":"2026-03-16T15:32:53","modified_gmt":"2026-03-16T14:32:53","slug":"meubles-decales-2","status":"publish","type":"page","link":"https:\/\/legrenier-meublesolidaire-tarbes.fr\/index.php\/meubles-decales-2\/","title":{"rendered":"MEUBLES DECALES"},"content":{"rendered":"\n<figure class=\"wp-block-image size-large\"><img loading=\"lazy\" width=\"1024\" height=\"693\" src=\"https:\/\/legrenier-meublesolidaire-tarbes.fr\/wp-content\/uploads\/2026\/03\/438-A-meuble-decale-1024x693.jpg\" alt=\"\" class=\"wp-image-6260\" srcset=\"https:\/\/legrenier-meublesolidaire-tarbes.fr\/wp-content\/uploads\/2026\/03\/438-A-meuble-decale-1024x693.jpg 1024w, https:\/\/legrenier-meublesolidaire-tarbes.fr\/wp-content\/uploads\/2026\/03\/438-A-meuble-decale-300x203.jpg 300w, https:\/\/legrenier-meublesolidaire-tarbes.fr\/wp-content\/uploads\/2026\/03\/438-A-meuble-decale-768x520.jpg 768w, https:\/\/legrenier-meublesolidaire-tarbes.fr\/wp-content\/uploads\/2026\/03\/438-A-meuble-decale-1536x1040.jpg 1536w, https:\/\/legrenier-meublesolidaire-tarbes.fr\/wp-content\/uploads\/2026\/03\/438-A-meuble-decale.jpg 1748w\" sizes=\"(max-width: 1024px) 100vw, 1024px\" \/><\/figure>\n\n\n\n<p class=\"has-large-font-size\"><strong>MEUBLES DECALES SUR MESURE<\/strong><\/p>\n\n\n\n<figure class=\"wp-block-video\"><video controls preload=\"auto\" src=\"https:\/\/legrenier-meublesolidaire-tarbes.fr\/wp-content\/uploads\/2021\/05\/meubles-decales-2.mp4\" playsinline><\/video><\/figure>\n\n\n\n<figure class=\"wp-block-image size-large is-resized\"><img loading=\"lazy\" src=\"https:\/\/legrenier-meublesolidaire-tarbes.fr\/wp-content\/uploads\/2021\/05\/rien-ne-se-perd2-1024x576.jpg\" alt=\"\" class=\"wp-image-1162\" width=\"921\" height=\"518\" srcset=\"https:\/\/legrenier-meublesolidaire-tarbes.fr\/wp-content\/uploads\/2021\/05\/rien-ne-se-perd2-1024x576.jpg 1024w, https:\/\/legrenier-meublesolidaire-tarbes.fr\/wp-content\/uploads\/2021\/05\/rien-ne-se-perd2-300x169.jpg 300w, https:\/\/legrenier-meublesolidaire-tarbes.fr\/wp-content\/uploads\/2021\/05\/rien-ne-se-perd2-768x432.jpg 768w, https:\/\/legrenier-meublesolidaire-tarbes.fr\/wp-content\/uploads\/2021\/05\/rien-ne-se-perd2.jpg 1280w\" sizes=\"(max-width: 921px) 100vw, 921px\" \/><\/figure>\n\n\n\n<pre class=\"wp-block-preformatted\" style=\"font-size:17px\"><span class=\"has-inline-color has-vivid-red-color\"><strong> PROPOSITION PRESTATION MEUBLES DECALES SUR MESURE :<\/strong><\/span>\n              Cuisine, salle de bain, rangement, biblioth\u00e8que.\n<strong><span class=\"has-inline-color has-vivid-red-color\"> <\/span><\/strong>\n<strong><span class=\"has-inline-color has-vivid-red-color\">Devis, comment \u00e7a marche&nbsp;?<\/span>\n -&gt; Les unit\u00e9s du meuble d\u00e9cal\u00e9 peuvent \u00eatre fournis par le client et\/ou par  <\/strong>\n    <strong>Solidar\u2019meubles.\n -&gt; Etude de la r\u00e9alisation du module avec le client avec nos conseils d\u00e9co. \n    Les dimensions du module fini sont fournies par le client.\n    Montage et finition des modules dans nos ateliers <\/strong>\n<strong>\n -&gt; Possibilit\u00e9 de pose chez le client. \n    Enl\u00e8vement et livraison possible.<\/strong>\n<strong>\nQuincailleries, peintures et tous types de produits de finition inclus dans le devis<\/strong>   <\/pre>\n\n\n\n<figure class=\"wp-block-image size-large is-resized\"><img loading=\"lazy\" src=\"https:\/\/legrenier-meublesolidaire-tarbes.fr\/wp-content\/uploads\/2021\/05\/meubles-decales-1-768x1024.jpg\" alt=\"\" class=\"wp-image-1164\" width=\"596\" height=\"794\" srcset=\"https:\/\/legrenier-meublesolidaire-tarbes.fr\/wp-content\/uploads\/2021\/05\/meubles-decales-1-768x1025.jpg 768w, https:\/\/legrenier-meublesolidaire-tarbes.fr\/wp-content\/uploads\/2021\/05\/meubles-decales-1-225x300.jpg 225w, https:\/\/legrenier-meublesolidaire-tarbes.fr\/wp-content\/uploads\/2021\/05\/meubles-decales-1-1151x1536.jpg 1151w, https:\/\/legrenier-meublesolidaire-tarbes.fr\/wp-content\/uploads\/2021\/05\/meubles-decales-1.jpg 1200w\" sizes=\"(max-width: 596px) 100vw, 596px\" \/><figcaption><strong><em>EXEMPLE DE REALISATION D&#8217;UN MEUBLE CUISINE<\/em><\/strong><\/figcaption><\/figure>\n","protected":false},"excerpt":{"rendered":"<p>MEUBLES DECALES SUR MESURE PROPOSITION PRESTATION MEUBLES DECALES SUR MESURE : Cuisine, salle de bain, rangement, biblioth\u00e8que. Devis, comment \u00e7a marche&nbsp;? -&gt; Les unit\u00e9s du meuble d\u00e9cal\u00e9 peuvent \u00eatre fournis par le client et\/ou par Solidar\u2019meubles. -&gt; Etude de la r\u00e9alisation du module avec le client avec nos conseils d\u00e9co. Les dimensions du module fini [&hellip;]<\/p>\n","protected":false},"author":1,"featured_media":0,"parent":0,"menu_order":0,"comment_status":"closed","ping_status":"closed","template":"","meta":[],"yoast_head":"<!-- This site is optimized with the Yoast SEO plugin v15.7 - https:\/\/yoast.com\/wordpress\/plugins\/seo\/ -->\n<title>MEUBLES DECALES - LE GRENIER Meubles Solidaires TARBES<\/title>\n<meta name=\"robots\" content=\"index, follow, max-snippet:-1, max-image-preview:large, max-video-preview:-1\" \/>\n<link rel=\"canonical\" href=\"https:\/\/legrenier-meublesolidaire-tarbes.fr\/index.php\/meubles-decales-2\/\" \/>\n<meta property=\"og:locale\" content=\"fr_FR\" \/>\n<meta property=\"og:type\" content=\"article\" \/>\n<meta property=\"og:title\" content=\"MEUBLES DECALES - LE GRENIER Meubles Solidaires TARBES\" \/>\n<meta property=\"og:description\" content=\"MEUBLES DECALES SUR MESURE PROPOSITION PRESTATION MEUBLES DECALES SUR MESURE : Cuisine, salle de bain, rangement, biblioth\u00e8que. Devis, comment \u00e7a marche&nbsp;? -&gt; Les unit\u00e9s du meuble d\u00e9cal\u00e9 peuvent \u00eatre fournis par le client et\/ou par Solidar\u2019meubles. -&gt; Etude de la r\u00e9alisation du module avec le client avec nos conseils d\u00e9co. Les dimensions du module fini [&hellip;]\" \/>\n<meta property=\"og:url\" content=\"https:\/\/legrenier-meublesolidaire-tarbes.fr\/index.php\/meubles-decales-2\/\" \/>\n<meta property=\"og:site_name\" content=\"LE GRENIER Meubles Solidaires TARBES\" \/>\n<meta property=\"article:publisher\" content=\"https:\/\/www.facebook.com\/solidarmeublestarbes\/\" \/>\n<meta property=\"article:modified_time\" content=\"2026-03-16T14:32:53+00:00\" \/>\n<meta property=\"og:image\" content=\"https:\/\/legrenier-meublesolidaire-tarbes.fr\/wp-content\/uploads\/2026\/03\/438-A-meuble-decale-1024x693.jpg\" \/>\n<meta name=\"twitter:card\" content=\"summary_large_image\" \/>\n<meta name=\"twitter:label1\" content=\"Dur\u00e9e de lecture est.\">\n\t<meta name=\"twitter:data1\" content=\"2 minutes\">\n<script type=\"application\/ld+json\" class=\"yoast-schema-graph\">{\"@context\":\"https:\/\/schema.org\",\"@graph\":[{\"@type\":\"Organization\",\"@id\":\"https:\/\/legrenier-meublesolidaire-tarbes.fr\/#organization\",\"name\":\"SOLIDAR'meubles LE GRENIER\",\"url\":\"https:\/\/legrenier-meublesolidaire-tarbes.fr\/\",\"sameAs\":[\"https:\/\/www.facebook.com\/solidarmeublestarbes\/\"],\"logo\":{\"@type\":\"ImageObject\",\"@id\":\"https:\/\/legrenier-meublesolidaire-tarbes.fr\/#logo\",\"inLanguage\":\"fr-FR\",\"url\":\"https:\/\/legrenier-meublesolidaire-tarbes.fr\/wp-content\/uploads\/2020\/11\/LOGO-SOLIDAR-M.jpg\",\"width\":153,\"height\":150,\"caption\":\"SOLIDAR'meubles LE GRENIER\"},\"image\":{\"@id\":\"https:\/\/legrenier-meublesolidaire-tarbes.fr\/#logo\"}},{\"@type\":\"WebSite\",\"@id\":\"https:\/\/legrenier-meublesolidaire-tarbes.fr\/#website\",\"url\":\"https:\/\/legrenier-meublesolidaire-tarbes.fr\/\",\"name\":\"LE GRENIER Meubles Solidaires TARBES\",\"description\":\"Embellissez votre int\\u00e9rieur avec nos ventes de meubles solidaires\",\"publisher\":{\"@id\":\"https:\/\/legrenier-meublesolidaire-tarbes.fr\/#organization\"},\"potentialAction\":[{\"@type\":\"SearchAction\",\"target\":\"https:\/\/legrenier-meublesolidaire-tarbes.fr\/?s={search_term_string}\",\"query-input\":\"required name=search_term_string\"}],\"inLanguage\":\"fr-FR\"},{\"@type\":\"ImageObject\",\"@id\":\"https:\/\/legrenier-meublesolidaire-tarbes.fr\/index.php\/meubles-decales-2\/#primaryimage\",\"inLanguage\":\"fr-FR\",\"url\":\"https:\/\/legrenier-meublesolidaire-tarbes.fr\/wp-content\/uploads\/2026\/03\/438-A-meuble-decale.jpg\",\"width\":1748,\"height\":1183},{\"@type\":\"WebPage\",\"@id\":\"https:\/\/legrenier-meublesolidaire-tarbes.fr\/index.php\/meubles-decales-2\/#webpage\",\"url\":\"https:\/\/legrenier-meublesolidaire-tarbes.fr\/index.php\/meubles-decales-2\/\",\"name\":\"MEUBLES DECALES - LE GRENIER Meubles Solidaires TARBES\",\"isPartOf\":{\"@id\":\"https:\/\/legrenier-meublesolidaire-tarbes.fr\/#website\"},\"primaryImageOfPage\":{\"@id\":\"https:\/\/legrenier-meublesolidaire-tarbes.fr\/index.php\/meubles-decales-2\/#primaryimage\"},\"datePublished\":\"2021-05-27T18:05:17+00:00\",\"dateModified\":\"2026-03-16T14:32:53+00:00\",\"inLanguage\":\"fr-FR\",\"potentialAction\":[{\"@type\":\"ReadAction\",\"target\":[\"https:\/\/legrenier-meublesolidaire-tarbes.fr\/index.php\/meubles-decales-2\/\"]}]}]}<\/script>\n<!-- \/ Yoast SEO plugin. -->","_links":{"self":[{"href":"https:\/\/legrenier-meublesolidaire-tarbes.fr\/index.php\/wp-json\/wp\/v2\/pages\/1152"}],"collection":[{"href":"https:\/\/legrenier-meublesolidaire-tarbes.fr\/index.php\/wp-json\/wp\/v2\/pages"}],"about":[{"href":"https:\/\/legrenier-meublesolidaire-tarbes.fr\/index.php\/wp-json\/wp\/v2\/types\/page"}],"author":[{"embeddable":true,"href":"https:\/\/legrenier-meublesolidaire-tarbes.fr\/index.php\/wp-json\/wp\/v2\/users\/1"}],"replies":[{"embeddable":true,"href":"https:\/\/legrenier-meublesolidaire-tarbes.fr\/index.php\/wp-json\/wp\/v2\/comments?post=1152"}],"version-history":[{"count":14,"href":"https:\/\/legrenier-meublesolidaire-tarbes.fr\/index.php\/wp-json\/wp\/v2\/pages\/1152\/revisions"}],"predecessor-version":[{"id":6261,"href":"https:\/\/legrenier-meublesolidaire-tarbes.fr\/index.php\/wp-json\/wp\/v2\/pages\/1152\/revisions\/6261"}],"wp:attachment":[{"href":"https:\/\/legrenier-meublesolidaire-tarbes.fr\/index.php\/wp-json\/wp\/v2\/media?parent=1152"}],"curies":[{"name":"wp","href":"https:\/\/api.w.org\/{rel}","templated":true}]}}