{"id":203,"date":"2020-11-09T13:58:34","date_gmt":"2020-11-09T12:58:34","guid":{"rendered":"http:\/\/legrenier-meublesolidaire-tarbes.fr\/?page_id=203"},"modified":"2022-02-21T18:28:23","modified_gmt":"2022-02-21T17:28:23","slug":"accueil","status":"publish","type":"page","link":"https:\/\/legrenier-meublesolidaire-tarbes.fr\/index.php\/accueil\/","title":{"rendered":"SOLIDAR&#8217;MEUBLES TARBES  &#8211; ACCUEIL"},"content":{"rendered":"\n<div class=\"wp-block-image\"><figure class=\"aligncenter size-large is-resized\"><img loading=\"lazy\" src=\"https:\/\/legrenier-meublesolidaire-tarbes.fr\/wp-content\/uploads\/2021\/04\/SOLIDAR-ET-LE-GRENIER2-1-1024x354.jpg\" alt=\"\" class=\"wp-image-1008\" width=\"965\" height=\"333\" srcset=\"https:\/\/legrenier-meublesolidaire-tarbes.fr\/wp-content\/uploads\/2021\/04\/SOLIDAR-ET-LE-GRENIER2-1-1024x354.jpg 1024w, https:\/\/legrenier-meublesolidaire-tarbes.fr\/wp-content\/uploads\/2021\/04\/SOLIDAR-ET-LE-GRENIER2-1-300x104.jpg 300w, https:\/\/legrenier-meublesolidaire-tarbes.fr\/wp-content\/uploads\/2021\/04\/SOLIDAR-ET-LE-GRENIER2-1-768x265.jpg 768w, https:\/\/legrenier-meublesolidaire-tarbes.fr\/wp-content\/uploads\/2021\/04\/SOLIDAR-ET-LE-GRENIER2-1.jpg 1447w\" sizes=\"(max-width: 965px) 100vw, 965px\" \/><\/figure><\/div>\n\n\n\n<p><\/p>\n\n\n\n<div class=\"wp-block-image\"><figure class=\"aligncenter size-large is-resized\"><img loading=\"lazy\" src=\"https:\/\/legrenier-meublesolidaire-tarbes.fr\/wp-content\/uploads\/2021\/05\/slogan2-1024x382.jpg\" alt=\"\" class=\"wp-image-1089\" width=\"626\" height=\"233\" srcset=\"https:\/\/legrenier-meublesolidaire-tarbes.fr\/wp-content\/uploads\/2021\/05\/slogan2-1024x382.jpg 1024w, https:\/\/legrenier-meublesolidaire-tarbes.fr\/wp-content\/uploads\/2021\/05\/slogan2-300x112.jpg 300w, https:\/\/legrenier-meublesolidaire-tarbes.fr\/wp-content\/uploads\/2021\/05\/slogan2-768x286.jpg 768w, https:\/\/legrenier-meublesolidaire-tarbes.fr\/wp-content\/uploads\/2021\/05\/slogan2.jpg 1280w\" sizes=\"(max-width: 626px) 100vw, 626px\" \/><\/figure><\/div>\n\n\n\n<div class=\"wp-block-image\"><figure class=\"aligncenter size-large is-resized\"><img loading=\"lazy\" src=\"https:\/\/legrenier-meublesolidaire-tarbes.fr\/wp-content\/uploads\/2021\/04\/PANCARTE-1-652x1024.jpg\" alt=\"\" class=\"wp-image-1013\" width=\"602\" height=\"945\" srcset=\"https:\/\/legrenier-meublesolidaire-tarbes.fr\/wp-content\/uploads\/2021\/04\/PANCARTE-1-652x1024.jpg 652w, https:\/\/legrenier-meublesolidaire-tarbes.fr\/wp-content\/uploads\/2021\/04\/PANCARTE-1-191x300.jpg 191w, https:\/\/legrenier-meublesolidaire-tarbes.fr\/wp-content\/uploads\/2021\/04\/PANCARTE-1.jpg 742w\" sizes=\"(max-width: 602px) 100vw, 602px\" \/><\/figure><\/div>\n\n\n\n<div class=\"wp-block-columns\">\n<div class=\"wp-block-column\">\n<figure class=\"wp-block-image size-large is-resized is-style-rounded\"><img loading=\"lazy\" src=\"https:\/\/legrenier-meublesolidaire-tarbes.fr\/wp-content\/uploads\/2022\/02\/image-solidarmeubles-1.jpg\" alt=\"\" class=\"wp-image-3699\" width=\"488\" height=\"361\" srcset=\"https:\/\/legrenier-meublesolidaire-tarbes.fr\/wp-content\/uploads\/2022\/02\/image-solidarmeubles-1.jpg 516w, https:\/\/legrenier-meublesolidaire-tarbes.fr\/wp-content\/uploads\/2022\/02\/image-solidarmeubles-1-300x223.jpg 300w\" sizes=\"(max-width: 488px) 100vw, 488px\" \/><\/figure>\n<\/div>\n\n\n\n<div class=\"wp-block-column\">\n<figure class=\"wp-block-image size-large is-resized is-style-rounded\"><img loading=\"lazy\" src=\"https:\/\/legrenier-meublesolidaire-tarbes.fr\/wp-content\/uploads\/2022\/02\/image-le-grenier.jpg\" alt=\"\" class=\"wp-image-3700\" width=\"501\" height=\"371\" srcset=\"https:\/\/legrenier-meublesolidaire-tarbes.fr\/wp-content\/uploads\/2022\/02\/image-le-grenier.jpg 516w, https:\/\/legrenier-meublesolidaire-tarbes.fr\/wp-content\/uploads\/2022\/02\/image-le-grenier-300x223.jpg 300w\" sizes=\"(max-width: 501px) 100vw, 501px\" \/><\/figure>\n<\/div>\n<\/div>\n\n\n\n<pre class=\"wp-block-code\"><code> google27ae8d7e14f05a49.html<\/code><\/pre>\n\n\n\n<p>&lt;BODY&gt;https:\/\/www.refdirect.fr\/referencement\/referencement-gratuit.html&lt;\/BODY&gt;<\/p>\n","protected":false},"excerpt":{"rendered":"<p>&lt;BODY&gt;https:\/\/www.refdirect.fr\/referencement\/referencement-gratuit.html&lt;\/BODY&gt;<\/p>\n","protected":false},"author":1,"featured_media":0,"parent":0,"menu_order":0,"comment_status":"closed","ping_status":"closed","template":"","meta":[],"yoast_head":"<!-- This site is optimized with the Yoast SEO plugin v15.7 - https:\/\/yoast.com\/wordpress\/plugins\/seo\/ -->\n<title>SOLIDAR&#039;MEUBLES TARBES - ACCUEIL - LE GRENIER Meubles Solidaires TARBES<\/title>\n<meta name=\"description\" content=\"L\u2019association SOLIDAR\u2019meubles localis\u00e9e \u00e0 Tarbes r\u00e9cup\u00e8re, r\u00e9pare, relooke meubles par exemple tables, buffets, armoires, chevets, si\u00e8ges, malle.... UN MAGASIN tenu par des b\u00e9n\u00e9voles est situ\u00e9 centre ville pour vendre ces meubles solidaires LE GRENIER \u00e0 Tarbes.\" \/>\n<meta name=\"robots\" content=\"index, follow, max-snippet:-1, max-image-preview:large, max-video-preview:-1\" \/>\n<link rel=\"canonical\" href=\"https:\/\/legrenier-meublesolidaire-tarbes.fr\/index.php\/accueil\/\" \/>\n<meta property=\"og:locale\" content=\"fr_FR\" \/>\n<meta property=\"og:type\" content=\"article\" \/>\n<meta property=\"og:title\" content=\"SOLIDAR&#039;MEUBLES TARBES - ACCUEIL - LE GRENIER Meubles Solidaires TARBES\" \/>\n<meta property=\"og:description\" content=\"L\u2019association SOLIDAR\u2019meubles localis\u00e9e \u00e0 Tarbes r\u00e9cup\u00e8re, r\u00e9pare, relooke meubles par exemple tables, buffets, armoires, chevets, si\u00e8ges, malle.... UN MAGASIN tenu par des b\u00e9n\u00e9voles est situ\u00e9 centre ville pour vendre ces meubles solidaires LE GRENIER \u00e0 Tarbes.\" \/>\n<meta property=\"og:url\" content=\"https:\/\/legrenier-meublesolidaire-tarbes.fr\/index.php\/accueil\/\" \/>\n<meta property=\"og:site_name\" content=\"LE GRENIER Meubles Solidaires TARBES\" \/>\n<meta property=\"article:publisher\" content=\"https:\/\/www.facebook.com\/solidarmeublestarbes\/\" \/>\n<meta property=\"article:modified_time\" content=\"2022-02-21T17:28:23+00:00\" \/>\n<meta property=\"og:image\" content=\"https:\/\/legrenier-meublesolidaire-tarbes.fr\/wp-content\/uploads\/2021\/04\/SOLIDAR-ET-LE-GRENIER2-1-1024x354.jpg\" \/>\n<meta name=\"twitter:card\" content=\"summary_large_image\" \/>\n<meta name=\"twitter:label1\" content=\"Dur\u00e9e de lecture est.\">\n\t<meta name=\"twitter:data1\" content=\"1 minute\">\n<script type=\"application\/ld+json\" class=\"yoast-schema-graph\">{\"@context\":\"https:\/\/schema.org\",\"@graph\":[{\"@type\":\"Organization\",\"@id\":\"https:\/\/legrenier-meublesolidaire-tarbes.fr\/#organization\",\"name\":\"SOLIDAR'meubles LE GRENIER\",\"url\":\"https:\/\/legrenier-meublesolidaire-tarbes.fr\/\",\"sameAs\":[\"https:\/\/www.facebook.com\/solidarmeublestarbes\/\"],\"logo\":{\"@type\":\"ImageObject\",\"@id\":\"https:\/\/legrenier-meublesolidaire-tarbes.fr\/#logo\",\"inLanguage\":\"fr-FR\",\"url\":\"https:\/\/legrenier-meublesolidaire-tarbes.fr\/wp-content\/uploads\/2020\/11\/LOGO-SOLIDAR-M.jpg\",\"width\":153,\"height\":150,\"caption\":\"SOLIDAR'meubles LE GRENIER\"},\"image\":{\"@id\":\"https:\/\/legrenier-meublesolidaire-tarbes.fr\/#logo\"}},{\"@type\":\"WebSite\",\"@id\":\"https:\/\/legrenier-meublesolidaire-tarbes.fr\/#website\",\"url\":\"https:\/\/legrenier-meublesolidaire-tarbes.fr\/\",\"name\":\"LE GRENIER Meubles Solidaires TARBES\",\"description\":\"Embellissez votre int\\u00e9rieur avec nos ventes de meubles solidaires\",\"publisher\":{\"@id\":\"https:\/\/legrenier-meublesolidaire-tarbes.fr\/#organization\"},\"potentialAction\":[{\"@type\":\"SearchAction\",\"target\":\"https:\/\/legrenier-meublesolidaire-tarbes.fr\/?s={search_term_string}\",\"query-input\":\"required name=search_term_string\"}],\"inLanguage\":\"fr-FR\"},{\"@type\":\"ImageObject\",\"@id\":\"https:\/\/legrenier-meublesolidaire-tarbes.fr\/index.php\/accueil\/#primaryimage\",\"inLanguage\":\"fr-FR\",\"url\":\"https:\/\/legrenier-meublesolidaire-tarbes.fr\/wp-content\/uploads\/2021\/04\/SOLIDAR-ET-LE-GRENIER2-1.jpg\",\"width\":1447,\"height\":500},{\"@type\":\"WebPage\",\"@id\":\"https:\/\/legrenier-meublesolidaire-tarbes.fr\/index.php\/accueil\/#webpage\",\"url\":\"https:\/\/legrenier-meublesolidaire-tarbes.fr\/index.php\/accueil\/\",\"name\":\"SOLIDAR'MEUBLES TARBES - ACCUEIL - LE GRENIER Meubles Solidaires TARBES\",\"isPartOf\":{\"@id\":\"https:\/\/legrenier-meublesolidaire-tarbes.fr\/#website\"},\"primaryImageOfPage\":{\"@id\":\"https:\/\/legrenier-meublesolidaire-tarbes.fr\/index.php\/accueil\/#primaryimage\"},\"datePublished\":\"2020-11-09T12:58:34+00:00\",\"dateModified\":\"2022-02-21T17:28:23+00:00\",\"description\":\"L\\u2019association SOLIDAR\\u2019meubles localis\\u00e9e \\u00e0 Tarbes r\\u00e9cup\\u00e8re, r\\u00e9pare, relooke meubles par exemple tables, buffets, armoires, chevets, si\\u00e8ges, malle.... UN MAGASIN tenu par des b\\u00e9n\\u00e9voles est situ\\u00e9 centre ville pour vendre ces meubles solidaires LE GRENIER \\u00e0 Tarbes.\",\"inLanguage\":\"fr-FR\",\"potentialAction\":[{\"@type\":\"ReadAction\",\"target\":[\"https:\/\/legrenier-meublesolidaire-tarbes.fr\/index.php\/accueil\/\"]}]}]}<\/script>\n<!-- \/ Yoast SEO plugin. -->","_links":{"self":[{"href":"https:\/\/legrenier-meublesolidaire-tarbes.fr\/index.php\/wp-json\/wp\/v2\/pages\/203"}],"collection":[{"href":"https:\/\/legrenier-meublesolidaire-tarbes.fr\/index.php\/wp-json\/wp\/v2\/pages"}],"about":[{"href":"https:\/\/legrenier-meublesolidaire-tarbes.fr\/index.php\/wp-json\/wp\/v2\/types\/page"}],"author":[{"embeddable":true,"href":"https:\/\/legrenier-meublesolidaire-tarbes.fr\/index.php\/wp-json\/wp\/v2\/users\/1"}],"replies":[{"embeddable":true,"href":"https:\/\/legrenier-meublesolidaire-tarbes.fr\/index.php\/wp-json\/wp\/v2\/comments?post=203"}],"version-history":[{"count":51,"href":"https:\/\/legrenier-meublesolidaire-tarbes.fr\/index.php\/wp-json\/wp\/v2\/pages\/203\/revisions"}],"predecessor-version":[{"id":3701,"href":"https:\/\/legrenier-meublesolidaire-tarbes.fr\/index.php\/wp-json\/wp\/v2\/pages\/203\/revisions\/3701"}],"wp:attachment":[{"href":"https:\/\/legrenier-meublesolidaire-tarbes.fr\/index.php\/wp-json\/wp\/v2\/media?parent=203"}],"curies":[{"name":"wp","href":"https:\/\/api.w.org\/{rel}","templated":true}]}}