{"id":3427,"date":"2021-11-19T06:40:14","date_gmt":"2021-11-19T05:40:14","guid":{"rendered":"http:\/\/wordpress21.projets-ebach.com\/w7\/?page_id=1273"},"modified":"2022-02-24T18:26:40","modified_gmt":"2022-02-24T17:26:40","slug":"sur-mesure","status":"publish","type":"page","link":"https:\/\/legrenier-meublesolidaire-tarbes.fr\/index.php\/sur-mesure\/","title":{"rendered":"SUR-MESURE"},"content":{"rendered":"\t\t<div data-elementor-type=\"wp-page\" data-elementor-id=\"3427\" class=\"elementor elementor-3427\" data-elementor-settings=\"[]\">\n\t\t\t\t\t\t<div class=\"elementor-inner\">\n\t\t\t\t\t\t\t<div class=\"elementor-section-wrap\">\n\t\t\t\t\t\t\t<section class=\"elementor-section elementor-top-section elementor-element elementor-element-de77b76 elementor-section-full_width elementor-section-height-default elementor-section-height-default\" data-id=\"de77b76\" data-element_type=\"section\" data-settings=\"{&quot;background_background&quot;:&quot;classic&quot;}\">\n\t\t\t\t\t\t<div class=\"elementor-container elementor-column-gap-default\">\n\t\t\t\t\t\t\t<div class=\"elementor-row\">\n\t\t\t\t\t<div class=\"elementor-column elementor-col-25 elementor-top-column elementor-element elementor-element-2ae6d36\" data-id=\"2ae6d36\" data-element_type=\"column\">\n\t\t\t<div class=\"elementor-column-wrap elementor-element-populated\">\n\t\t\t\t\t\t\t<div class=\"elementor-widget-wrap\">\n\t\t\t\t\t\t\t\t<\/div>\n\t\t\t\t\t<\/div>\n\t\t<\/div>\n\t\t\t\t<div class=\"elementor-column elementor-col-25 elementor-top-column elementor-element elementor-element-cdd9a7e\" data-id=\"cdd9a7e\" data-element_type=\"column\">\n\t\t\t<div class=\"elementor-column-wrap elementor-element-populated\">\n\t\t\t\t\t\t\t<div class=\"elementor-widget-wrap\">\n\t\t\t\t\t\t<div class=\"elementor-element elementor-element-44b0e60 elementor-widget elementor-widget-heading\" data-id=\"44b0e60\" data-element_type=\"widget\" data-widget_type=\"heading.default\">\n\t\t\t\t<div class=\"elementor-widget-container\">\n\t\t\t<h2 class=\"elementor-heading-title elementor-size-large\">Le service de restauration chez Solidar'meubles<\/h2>\t\t<\/div>\n\t\t\t\t<\/div>\n\t\t\t\t\t\t<\/div>\n\t\t\t\t\t<\/div>\n\t\t<\/div>\n\t\t\t\t<div class=\"elementor-column elementor-col-25 elementor-top-column elementor-element elementor-element-ad2509a\" data-id=\"ad2509a\" data-element_type=\"column\">\n\t\t\t<div class=\"elementor-column-wrap\">\n\t\t\t\t\t\t\t<div class=\"elementor-widget-wrap\">\n\t\t\t\t\t\t\t\t<\/div>\n\t\t\t\t\t<\/div>\n\t\t<\/div>\n\t\t\t\t<div class=\"elementor-column elementor-col-25 elementor-top-column elementor-element elementor-element-fc871e9\" data-id=\"fc871e9\" data-element_type=\"column\">\n\t\t\t<div class=\"elementor-column-wrap\">\n\t\t\t\t\t\t\t<div class=\"elementor-widget-wrap\">\n\t\t\t\t\t\t\t\t<\/div>\n\t\t\t\t\t<\/div>\n\t\t<\/div>\n\t\t\t\t\t\t\t\t<\/div>\n\t\t\t\t\t<\/div>\n\t\t<\/section>\n\t\t\t\t<section class=\"elementor-section elementor-top-section elementor-element elementor-element-e4e0804 elementor-section-boxed elementor-section-height-default elementor-section-height-default\" data-id=\"e4e0804\" data-element_type=\"section\" data-settings=\"{&quot;background_background&quot;:&quot;classic&quot;}\">\n\t\t\t\t\t\t<div class=\"elementor-container elementor-column-gap-default\">\n\t\t\t\t\t\t\t<div class=\"elementor-row\">\n\t\t\t\t\t<div class=\"elementor-column elementor-col-100 elementor-top-column elementor-element elementor-element-450ce9f\" data-id=\"450ce9f\" data-element_type=\"column\">\n\t\t\t<div class=\"elementor-column-wrap elementor-element-populated\">\n\t\t\t\t\t\t\t<div class=\"elementor-widget-wrap\">\n\t\t\t\t\t\t<div class=\"elementor-element elementor-element-18388b7 elementor-aspect-ratio-169 elementor-widget elementor-widget-video\" data-id=\"18388b7\" data-element_type=\"widget\" data-settings=\"{&quot;video_type&quot;:&quot;hosted&quot;,&quot;controls&quot;:&quot;yes&quot;,&quot;aspect_ratio&quot;:&quot;169&quot;}\" data-widget_type=\"video.default\">\n\t\t\t\t<div class=\"elementor-widget-container\">\n\t\t\t\t\t<div class=\"e-hosted-video elementor-wrapper elementor-fit-aspect-ratio elementor-open-inline\">\n\t\t\t\t\t<video class=\"elementor-video\" src=\"https:\/\/legrenier-meublesolidaire-tarbes.fr\/wp-content\/uploads\/2022\/02\/restauration-meuble-look-2.mp4\" controls=\"\" controlsList=\"nodownload\"><\/video>\n\t\t\t\t<\/div>\n\t\t\t\t<\/div>\n\t\t\t\t<\/div>\n\t\t\t\t<div class=\"elementor-element elementor-element-a71772f elementor-widget elementor-widget-spacer\" data-id=\"a71772f\" data-element_type=\"widget\" data-widget_type=\"spacer.default\">\n\t\t\t\t<div class=\"elementor-widget-container\">\n\t\t\t\t\t<div class=\"elementor-spacer\">\n\t\t\t<div class=\"elementor-spacer-inner\"><\/div>\n\t\t<\/div>\n\t\t\t\t<\/div>\n\t\t\t\t<\/div>\n\t\t\t\t<div class=\"elementor-element elementor-element-44202c5 elementor-widget elementor-widget-heading\" data-id=\"44202c5\" data-element_type=\"widget\" data-widget_type=\"heading.default\">\n\t\t\t\t<div class=\"elementor-widget-container\">\n\t\t\t<h1 class=\"elementor-heading-title elementor-size-default\">La restauration sur-mesure c'est : <\/h1>\t\t<\/div>\n\t\t\t\t<\/div>\n\t\t\t\t<div class=\"elementor-element elementor-element-5ae1fa2 elementor-widget elementor-widget-spacer\" data-id=\"5ae1fa2\" data-element_type=\"widget\" data-widget_type=\"spacer.default\">\n\t\t\t\t<div class=\"elementor-widget-container\">\n\t\t\t\t\t<div class=\"elementor-spacer\">\n\t\t\t<div class=\"elementor-spacer-inner\"><\/div>\n\t\t<\/div>\n\t\t\t\t<\/div>\n\t\t\t\t<\/div>\n\t\t\t\t\t\t<\/div>\n\t\t\t\t\t<\/div>\n\t\t<\/div>\n\t\t\t\t\t\t\t\t<\/div>\n\t\t\t\t\t<\/div>\n\t\t<\/section>\n\t\t\t\t<section class=\"elementor-section elementor-top-section elementor-element elementor-element-6f7e449 elementor-section-boxed elementor-section-height-default elementor-section-height-default\" data-id=\"6f7e449\" data-element_type=\"section\" data-settings=\"{&quot;background_background&quot;:&quot;classic&quot;}\">\n\t\t\t\t\t\t<div class=\"elementor-container elementor-column-gap-default\">\n\t\t\t\t\t\t\t<div class=\"elementor-row\">\n\t\t\t\t\t<div class=\"elementor-column elementor-col-25 elementor-top-column elementor-element elementor-element-3c5800d\" data-id=\"3c5800d\" data-element_type=\"column\">\n\t\t\t<div class=\"elementor-column-wrap\">\n\t\t\t\t\t\t\t<div class=\"elementor-widget-wrap\">\n\t\t\t\t\t\t\t\t<\/div>\n\t\t\t\t\t<\/div>\n\t\t<\/div>\n\t\t\t\t<div class=\"elementor-column elementor-col-25 elementor-top-column elementor-element elementor-element-395cd1b\" data-id=\"395cd1b\" data-element_type=\"column\">\n\t\t\t<div class=\"elementor-column-wrap elementor-element-populated\">\n\t\t\t\t\t\t\t<div class=\"elementor-widget-wrap\">\n\t\t\t\t\t\t<div class=\"elementor-element elementor-element-fb91231 elementor-view-default elementor-widget elementor-widget-icon\" data-id=\"fb91231\" data-element_type=\"widget\" data-widget_type=\"icon.default\">\n\t\t\t\t<div class=\"elementor-widget-container\">\n\t\t\t\t\t<div class=\"elementor-icon-wrapper\">\n\t\t\t<div class=\"elementor-icon\">\n\t\t\t<i aria-hidden=\"true\" class=\"fas fa-retweet\"><\/i>\t\t\t<\/div>\n\t\t<\/div>\n\t\t\t\t<\/div>\n\t\t\t\t<\/div>\n\t\t\t\t<div class=\"elementor-element elementor-element-70acfe0 elementor-view-default elementor-widget elementor-widget-icon\" data-id=\"70acfe0\" data-element_type=\"widget\" data-widget_type=\"icon.default\">\n\t\t\t\t<div class=\"elementor-widget-container\">\n\t\t\t\t\t<div class=\"elementor-icon-wrapper\">\n\t\t\t<div class=\"elementor-icon\">\n\t\t\t<i aria-hidden=\"true\" class=\"fas fa-seedling\"><\/i>\t\t\t<\/div>\n\t\t<\/div>\n\t\t\t\t<\/div>\n\t\t\t\t<\/div>\n\t\t\t\t<div class=\"elementor-element elementor-element-5adcdd5 elementor-view-default elementor-widget elementor-widget-icon\" data-id=\"5adcdd5\" data-element_type=\"widget\" data-widget_type=\"icon.default\">\n\t\t\t\t<div class=\"elementor-widget-container\">\n\t\t\t\t\t<div class=\"elementor-icon-wrapper\">\n\t\t\t<div class=\"elementor-icon\">\n\t\t\t<i aria-hidden=\"true\" class=\"fas fa-money-check-alt\"><\/i>\t\t\t<\/div>\n\t\t<\/div>\n\t\t\t\t<\/div>\n\t\t\t\t<\/div>\n\t\t\t\t<div class=\"elementor-element elementor-element-fd2c407 elementor-view-default elementor-widget elementor-widget-icon\" data-id=\"fd2c407\" data-element_type=\"widget\" data-widget_type=\"icon.default\">\n\t\t\t\t<div class=\"elementor-widget-container\">\n\t\t\t\t\t<div class=\"elementor-icon-wrapper\">\n\t\t\t<div class=\"elementor-icon\">\n\t\t\t<i aria-hidden=\"true\" class=\"fas fa-hands-helping\"><\/i>\t\t\t<\/div>\n\t\t<\/div>\n\t\t\t\t<\/div>\n\t\t\t\t<\/div>\n\t\t\t\t\t\t<\/div>\n\t\t\t\t\t<\/div>\n\t\t<\/div>\n\t\t\t\t<div class=\"elementor-column elementor-col-25 elementor-top-column elementor-element elementor-element-a7a931e\" data-id=\"a7a931e\" data-element_type=\"column\">\n\t\t\t<div class=\"elementor-column-wrap elementor-element-populated\">\n\t\t\t\t\t\t\t<div class=\"elementor-widget-wrap\">\n\t\t\t\t\t\t<div class=\"elementor-element elementor-element-8eff04c elementor-widget elementor-widget-text-editor\" data-id=\"8eff04c\" data-element_type=\"widget\" data-widget_type=\"text-editor.default\">\n\t\t\t\t<div class=\"elementor-widget-container\">\n\t\t\t\t\t\t\t\t<div class=\"elementor-text-editor elementor-clearfix\">\n\t\t\t\t<p>La possibilit\u00e9 de donner une seconde vie au meubles de mes parents, grand-parents ou juste un ancien meuble.&nbsp;<\/p>\t\t\t\t\t<\/div>\n\t\t\t\t\t\t<\/div>\n\t\t\t\t<\/div>\n\t\t\t\t<div class=\"elementor-element elementor-element-c37fa4e elementor-widget elementor-widget-text-editor\" data-id=\"c37fa4e\" data-element_type=\"widget\" data-widget_type=\"text-editor.default\">\n\t\t\t\t<div class=\"elementor-widget-container\">\n\t\t\t\t\t\t\t\t<div class=\"elementor-text-editor elementor-clearfix\">\n\t\t\t\t<p>Participer \u00e0 une d\u00e9marche durable et \u00e9co-responsable.<\/p>\t\t\t\t\t<\/div>\n\t\t\t\t\t\t<\/div>\n\t\t\t\t<\/div>\n\t\t\t\t<div class=\"elementor-element elementor-element-afbb8aa elementor-widget elementor-widget-text-editor\" data-id=\"afbb8aa\" data-element_type=\"widget\" data-widget_type=\"text-editor.default\">\n\t\t\t\t<div class=\"elementor-widget-container\">\n\t\t\t\t\t\t\t\t<div class=\"elementor-text-editor elementor-clearfix\">\n\t\t\t\t<p>Faire des \u00e9conomies sans n\u00e9gliger la qualit\u00e9.\u00a0<\/p>\t\t\t\t\t<\/div>\n\t\t\t\t\t\t<\/div>\n\t\t\t\t<\/div>\n\t\t\t\t<div class=\"elementor-element elementor-element-f76f0ee elementor-widget elementor-widget-text-editor\" data-id=\"f76f0ee\" data-element_type=\"widget\" data-widget_type=\"text-editor.default\">\n\t\t\t\t<div class=\"elementor-widget-container\">\n\t\t\t\t\t\t\t\t<div class=\"elementor-text-editor elementor-clearfix\">\n\t\t\t\t<p>Aider \u00e0 l&#8217;insertion professionnelle de personnes rencontrant des freins dans le monde du travail .\u00a0<\/p>\t\t\t\t\t<\/div>\n\t\t\t\t\t\t<\/div>\n\t\t\t\t<\/div>\n\t\t\t\t<div class=\"elementor-element elementor-element-5354e4b elementor-widget elementor-widget-spacer\" data-id=\"5354e4b\" data-element_type=\"widget\" data-widget_type=\"spacer.default\">\n\t\t\t\t<div class=\"elementor-widget-container\">\n\t\t\t\t\t<div class=\"elementor-spacer\">\n\t\t\t<div class=\"elementor-spacer-inner\"><\/div>\n\t\t<\/div>\n\t\t\t\t<\/div>\n\t\t\t\t<\/div>\n\t\t\t\t\t\t<\/div>\n\t\t\t\t\t<\/div>\n\t\t<\/div>\n\t\t\t\t<div class=\"elementor-column elementor-col-25 elementor-top-column elementor-element elementor-element-e2e199f\" data-id=\"e2e199f\" data-element_type=\"column\">\n\t\t\t<div class=\"elementor-column-wrap\">\n\t\t\t\t\t\t\t<div class=\"elementor-widget-wrap\">\n\t\t\t\t\t\t\t\t<\/div>\n\t\t\t\t\t<\/div>\n\t\t<\/div>\n\t\t\t\t\t\t\t\t<\/div>\n\t\t\t\t\t<\/div>\n\t\t<\/section>\n\t\t\t\t<section class=\"elementor-section elementor-top-section elementor-element elementor-element-b4b1ad6 elementor-section-boxed elementor-section-height-default elementor-section-height-default\" data-id=\"b4b1ad6\" data-element_type=\"section\" data-settings=\"{&quot;background_background&quot;:&quot;classic&quot;}\">\n\t\t\t\t\t\t<div class=\"elementor-container elementor-column-gap-default\">\n\t\t\t\t\t\t\t<div class=\"elementor-row\">\n\t\t\t\t\t<div class=\"elementor-column elementor-col-100 elementor-top-column elementor-element elementor-element-d9389b0\" data-id=\"d9389b0\" data-element_type=\"column\">\n\t\t\t<div class=\"elementor-column-wrap elementor-element-populated\">\n\t\t\t\t\t\t\t<div class=\"elementor-widget-wrap\">\n\t\t\t\t\t\t<div class=\"elementor-element elementor-element-0cf09db elementor-widget elementor-widget-heading\" data-id=\"0cf09db\" data-element_type=\"widget\" data-widget_type=\"heading.default\">\n\t\t\t\t<div class=\"elementor-widget-container\">\n\t\t\t<h1 class=\"elementor-heading-title elementor-size-default\">Nos derni\u00e8res r\u00e9alisations...<\/h1>\t\t<\/div>\n\t\t\t\t<\/div>\n\t\t\t\t<div class=\"elementor-element elementor-element-080dd4b elementor-widget elementor-widget-spacer\" data-id=\"080dd4b\" data-element_type=\"widget\" data-widget_type=\"spacer.default\">\n\t\t\t\t<div class=\"elementor-widget-container\">\n\t\t\t\t\t<div class=\"elementor-spacer\">\n\t\t\t<div class=\"elementor-spacer-inner\"><\/div>\n\t\t<\/div>\n\t\t\t\t<\/div>\n\t\t\t\t<\/div>\n\t\t\t\t<div class=\"elementor-element elementor-element-90ff819 elementor-arrows-position-inside elementor-pagination-position-outside elementor-widget elementor-widget-image-carousel\" data-id=\"90ff819\" data-element_type=\"widget\" data-settings=\"{&quot;slides_to_show&quot;:&quot;2&quot;,&quot;slides_to_scroll&quot;:&quot;1&quot;,&quot;navigation&quot;:&quot;both&quot;,&quot;autoplay&quot;:&quot;yes&quot;,&quot;pause_on_hover&quot;:&quot;yes&quot;,&quot;pause_on_interaction&quot;:&quot;yes&quot;,&quot;autoplay_speed&quot;:5000,&quot;infinite&quot;:&quot;yes&quot;,&quot;speed&quot;:500}\" data-widget_type=\"image-carousel.default\">\n\t\t\t\t<div class=\"elementor-widget-container\">\n\t\t\t\t\t<div class=\"elementor-image-carousel-wrapper swiper-container\" dir=\"ltr\">\n\t\t\t<div class=\"elementor-image-carousel swiper-wrapper\">\n\t\t\t\t\t\t\t\t<div class=\"swiper-slide\"><figure class=\"swiper-slide-inner\"><img class=\"swiper-slide-image\" src=\"https:\/\/legrenier-meublesolidaire-tarbes.fr\/wp-content\/uploads\/2021\/11\/meubles-decales-1-225x300.jpg\" alt=\"meubles d\u00e9cal\u00e9s 1\" \/><\/figure><\/div><div class=\"swiper-slide\"><figure class=\"swiper-slide-inner\"><img class=\"swiper-slide-image\" src=\"https:\/\/legrenier-meublesolidaire-tarbes.fr\/wp-content\/uploads\/2021\/11\/meubles-decales-4-300x200.jpg\" alt=\"meubles d\u00e9cal\u00e9s 4\" \/><\/figure><\/div><div class=\"swiper-slide\"><figure class=\"swiper-slide-inner\"><img class=\"swiper-slide-image\" src=\"https:\/\/legrenier-meublesolidaire-tarbes.fr\/wp-content\/uploads\/2022\/02\/m-d-diapo3.jpg\" alt=\"m d diapo3\" \/><\/figure><\/div><div class=\"swiper-slide\"><figure class=\"swiper-slide-inner\"><img class=\"swiper-slide-image\" src=\"https:\/\/legrenier-meublesolidaire-tarbes.fr\/wp-content\/uploads\/2022\/02\/meubles-decales-3-225x300.jpg\" alt=\"meubles d\u00e9cal\u00e9s 3\" \/><\/figure><\/div>\t\t\t<\/div>\n\t\t\t\t\t\t\t\t\t\t\t\t<div class=\"swiper-pagination\"><\/div>\n\t\t\t\t\t\t\t\t\t\t\t\t\t<div class=\"elementor-swiper-button elementor-swiper-button-prev\">\n\t\t\t\t\t\t<i aria-hidden=\"true\" class=\"eicon-chevron-left\"><\/i>\t\t\t\t\t\t<span class=\"elementor-screen-only\">Pr\u00e9c\u00e9dent<\/span>\n\t\t\t\t\t<\/div>\n\t\t\t\t\t<div class=\"elementor-swiper-button elementor-swiper-button-next\">\n\t\t\t\t\t\t<i aria-hidden=\"true\" class=\"eicon-chevron-right\"><\/i>\t\t\t\t\t\t<span class=\"elementor-screen-only\">Suivant<\/span>\n\t\t\t\t\t<\/div>\n\t\t\t\t\t\t\t\t\t<\/div>\n\t\t\t\t<\/div>\n\t\t\t\t<\/div>\n\t\t\t\t<div class=\"elementor-element elementor-element-a8dc081 elementor-align-center elementor-widget elementor-widget-button\" data-id=\"a8dc081\" data-element_type=\"widget\" data-widget_type=\"button.default\">\n\t\t\t\t<div class=\"elementor-widget-container\">\n\t\t\t\t\t<div class=\"elementor-button-wrapper\">\n\t\t\t<a href=\"https:\/\/legrenier-meublesolidaire-tarbes.fr\/index.php\/meubles-decales\/#\" target=\"_blank\" class=\"elementor-button-link elementor-button elementor-size-sm\" role=\"button\">\n\t\t\t\t\t\t<span class=\"elementor-button-content-wrapper\">\n\t\t\t\t\t\t<span class=\"elementor-button-text\">VOIR NOS MEUBLES DECALES<\/span>\n\t\t<\/span>\n\t\t\t\t\t<\/a>\n\t\t<\/div>\n\t\t\t\t<\/div>\n\t\t\t\t<\/div>\n\t\t\t\t\t\t<\/div>\n\t\t\t\t\t<\/div>\n\t\t<\/div>\n\t\t\t\t\t\t\t\t<\/div>\n\t\t\t\t\t<\/div>\n\t\t<\/section>\n\t\t\t\t\t\t<\/div>\n\t\t\t\t\t\t<\/div>\n\t\t\t\t\t<\/div>\n\t\t","protected":false},"excerpt":{"rendered":"<p>Le service de restauration chez Solidar&#8217;meubles https:\/\/legrenier-meublesolidaire-tarbes.fr\/wp-content\/uploads\/2022\/02\/restauration-meuble-look-2.mp4 La restauration sur-mesure c&#8217;est : La possibilit\u00e9 de donner une seconde vie au meubles de mes parents, grand-parents ou juste un ancien meuble.&nbsp; Participer \u00e0 une d\u00e9marche durable et \u00e9co-responsable. Faire des \u00e9conomies sans n\u00e9gliger la qualit\u00e9.&nbsp; Aider \u00e0 l&#8217;insertion professionnelle de personnes rencontrant des freins dans le [&hellip;]<\/p>\n","protected":false},"author":1,"featured_media":0,"parent":0,"menu_order":0,"comment_status":"closed","ping_status":"closed","template":"","meta":[],"yoast_head":"<!-- This site is optimized with the Yoast SEO plugin v15.7 - https:\/\/yoast.com\/wordpress\/plugins\/seo\/ -->\n<title>SUR-MESURE - LE GRENIER Meubles Solidaires TARBES<\/title>\n<meta name=\"robots\" content=\"index, follow, max-snippet:-1, max-image-preview:large, max-video-preview:-1\" \/>\n<link rel=\"canonical\" href=\"https:\/\/legrenier-meublesolidaire-tarbes.fr\/index.php\/sur-mesure\/\" \/>\n<meta property=\"og:locale\" content=\"fr_FR\" \/>\n<meta property=\"og:type\" content=\"article\" \/>\n<meta property=\"og:title\" content=\"SUR-MESURE - LE GRENIER Meubles Solidaires TARBES\" \/>\n<meta property=\"og:description\" content=\"Le service de restauration chez Solidar&#8217;meubles https:\/\/legrenier-meublesolidaire-tarbes.fr\/wp-content\/uploads\/2022\/02\/restauration-meuble-look-2.mp4 La restauration sur-mesure c&#8217;est : La possibilit\u00e9 de donner une seconde vie au meubles de mes parents, grand-parents ou juste un ancien meuble.&nbsp; Participer \u00e0 une d\u00e9marche durable et \u00e9co-responsable. Faire des \u00e9conomies sans n\u00e9gliger la qualit\u00e9.&nbsp; Aider \u00e0 l&#8217;insertion professionnelle de personnes rencontrant des freins dans le [&hellip;]\" \/>\n<meta property=\"og:url\" content=\"https:\/\/legrenier-meublesolidaire-tarbes.fr\/index.php\/sur-mesure\/\" \/>\n<meta property=\"og:site_name\" content=\"LE GRENIER Meubles Solidaires TARBES\" \/>\n<meta property=\"article:publisher\" content=\"https:\/\/www.facebook.com\/solidarmeublestarbes\/\" \/>\n<meta property=\"article:modified_time\" content=\"2022-02-24T17:26:40+00:00\" \/>\n<meta property=\"og:image\" content=\"https:\/\/legrenier-meublesolidaire-tarbes.fr\/wp-content\/uploads\/2021\/11\/meubles-decales-1-225x300.jpg\" \/>\n<meta name=\"twitter:card\" content=\"summary_large_image\" \/>\n<meta name=\"twitter:label1\" content=\"Dur\u00e9e de lecture est.\">\n\t<meta name=\"twitter:data1\" content=\"2 minutes\">\n<script type=\"application\/ld+json\" class=\"yoast-schema-graph\">{\"@context\":\"https:\/\/schema.org\",\"@graph\":[{\"@type\":\"Organization\",\"@id\":\"https:\/\/legrenier-meublesolidaire-tarbes.fr\/#organization\",\"name\":\"SOLIDAR'meubles LE GRENIER\",\"url\":\"https:\/\/legrenier-meublesolidaire-tarbes.fr\/\",\"sameAs\":[\"https:\/\/www.facebook.com\/solidarmeublestarbes\/\"],\"logo\":{\"@type\":\"ImageObject\",\"@id\":\"https:\/\/legrenier-meublesolidaire-tarbes.fr\/#logo\",\"inLanguage\":\"fr-FR\",\"url\":\"https:\/\/legrenier-meublesolidaire-tarbes.fr\/wp-content\/uploads\/2020\/11\/LOGO-SOLIDAR-M.jpg\",\"width\":153,\"height\":150,\"caption\":\"SOLIDAR'meubles LE GRENIER\"},\"image\":{\"@id\":\"https:\/\/legrenier-meublesolidaire-tarbes.fr\/#logo\"}},{\"@type\":\"WebSite\",\"@id\":\"https:\/\/legrenier-meublesolidaire-tarbes.fr\/#website\",\"url\":\"https:\/\/legrenier-meublesolidaire-tarbes.fr\/\",\"name\":\"LE GRENIER Meubles Solidaires TARBES\",\"description\":\"Embellissez votre int\\u00e9rieur avec nos ventes de meubles solidaires\",\"publisher\":{\"@id\":\"https:\/\/legrenier-meublesolidaire-tarbes.fr\/#organization\"},\"potentialAction\":[{\"@type\":\"SearchAction\",\"target\":\"https:\/\/legrenier-meublesolidaire-tarbes.fr\/?s={search_term_string}\",\"query-input\":\"required name=search_term_string\"}],\"inLanguage\":\"fr-FR\"},{\"@type\":\"ImageObject\",\"@id\":\"https:\/\/legrenier-meublesolidaire-tarbes.fr\/index.php\/sur-mesure\/#primaryimage\",\"inLanguage\":\"fr-FR\",\"url\":\"https:\/\/legrenier-meublesolidaire-tarbes.fr\/wp-content\/uploads\/2021\/11\/meubles-decales-1.jpg\",\"width\":1200,\"height\":1601},{\"@type\":\"WebPage\",\"@id\":\"https:\/\/legrenier-meublesolidaire-tarbes.fr\/index.php\/sur-mesure\/#webpage\",\"url\":\"https:\/\/legrenier-meublesolidaire-tarbes.fr\/index.php\/sur-mesure\/\",\"name\":\"SUR-MESURE - LE GRENIER Meubles Solidaires TARBES\",\"isPartOf\":{\"@id\":\"https:\/\/legrenier-meublesolidaire-tarbes.fr\/#website\"},\"primaryImageOfPage\":{\"@id\":\"https:\/\/legrenier-meublesolidaire-tarbes.fr\/index.php\/sur-mesure\/#primaryimage\"},\"datePublished\":\"2021-11-19T05:40:14+00:00\",\"dateModified\":\"2022-02-24T17:26:40+00:00\",\"inLanguage\":\"fr-FR\",\"potentialAction\":[{\"@type\":\"ReadAction\",\"target\":[\"https:\/\/legrenier-meublesolidaire-tarbes.fr\/index.php\/sur-mesure\/\"]}]}]}<\/script>\n<!-- \/ Yoast SEO plugin. -->","_links":{"self":[{"href":"https:\/\/legrenier-meublesolidaire-tarbes.fr\/index.php\/wp-json\/wp\/v2\/pages\/3427"}],"collection":[{"href":"https:\/\/legrenier-meublesolidaire-tarbes.fr\/index.php\/wp-json\/wp\/v2\/pages"}],"about":[{"href":"https:\/\/legrenier-meublesolidaire-tarbes.fr\/index.php\/wp-json\/wp\/v2\/types\/page"}],"author":[{"embeddable":true,"href":"https:\/\/legrenier-meublesolidaire-tarbes.fr\/index.php\/wp-json\/wp\/v2\/users\/1"}],"replies":[{"embeddable":true,"href":"https:\/\/legrenier-meublesolidaire-tarbes.fr\/index.php\/wp-json\/wp\/v2\/comments?post=3427"}],"version-history":[{"count":36,"href":"https:\/\/legrenier-meublesolidaire-tarbes.fr\/index.php\/wp-json\/wp\/v2\/pages\/3427\/revisions"}],"predecessor-version":[{"id":3730,"href":"https:\/\/legrenier-meublesolidaire-tarbes.fr\/index.php\/wp-json\/wp\/v2\/pages\/3427\/revisions\/3730"}],"wp:attachment":[{"href":"https:\/\/legrenier-meublesolidaire-tarbes.fr\/index.php\/wp-json\/wp\/v2\/media?parent=3427"}],"curies":[{"name":"wp","href":"https:\/\/api.w.org\/{rel}","templated":true}]}}