{"id":359,"date":"2020-11-13T19:30:01","date_gmt":"2020-11-13T18:30:01","guid":{"rendered":"http:\/\/legrenier-meublesolidaire-tarbes.fr\/?page_id=359"},"modified":"2025-12-28T18:35:26","modified_gmt":"2025-12-28T17:35:26","slug":"agenda-actalites","status":"publish","type":"page","link":"https:\/\/legrenier-meublesolidaire-tarbes.fr\/index.php\/agenda-actalites\/","title":{"rendered":"AGENDA ACTUALITES"},"content":{"rendered":"\n<figure class=\"wp-block-image size-large\"><img loading=\"lazy\" width=\"1024\" height=\"724\" src=\"https:\/\/legrenier-meublesolidaire-tarbes.fr\/wp-content\/uploads\/2025\/12\/2026-voeux--1024x724.jpg\" alt=\"\" class=\"wp-image-6099\" srcset=\"https:\/\/legrenier-meublesolidaire-tarbes.fr\/wp-content\/uploads\/2025\/12\/2026-voeux--1024x724.jpg 1024w, https:\/\/legrenier-meublesolidaire-tarbes.fr\/wp-content\/uploads\/2025\/12\/2026-voeux--300x212.jpg 300w, https:\/\/legrenier-meublesolidaire-tarbes.fr\/wp-content\/uploads\/2025\/12\/2026-voeux--768x543.jpg 768w, https:\/\/legrenier-meublesolidaire-tarbes.fr\/wp-content\/uploads\/2025\/12\/2026-voeux--1536x1086.jpg 1536w, https:\/\/legrenier-meublesolidaire-tarbes.fr\/wp-content\/uploads\/2025\/12\/2026-voeux-.jpg 1631w\" sizes=\"(max-width: 1024px) 100vw, 1024px\" \/><figcaption><span class=\"has-inline-color has-vivid-red-color\">XXXXXXXXXXXXXXXXXXXXXXXXXXXXXXXXXXXXXXXXXXXXXXXXXXXXXXXXXXXXXXXXXXXXXXXXXXXXXXXXXXXXXXX<\/span><\/figcaption><\/figure>\n\n\n\n<figure class=\"wp-block-image size-large is-resized\"><img loading=\"lazy\" src=\"https:\/\/legrenier-meublesolidaire-tarbes.fr\/wp-content\/uploads\/2025\/10\/2025-VIDE-STOCK-2-.jpg\" alt=\"\" class=\"wp-image-5990\" width=\"664\" height=\"863\" srcset=\"https:\/\/legrenier-meublesolidaire-tarbes.fr\/wp-content\/uploads\/2025\/10\/2025-VIDE-STOCK-2-.jpg 664w, https:\/\/legrenier-meublesolidaire-tarbes.fr\/wp-content\/uploads\/2025\/10\/2025-VIDE-STOCK-2--231x300.jpg 231w\" sizes=\"(max-width: 664px) 100vw, 664px\" \/><figcaption><strong><span class=\"has-inline-color has-vivid-red-color\">xxxxx<\/span><\/strong><span class=\"has-inline-color has-vivid-red-color\"><strong>xxxxxxxxxxxxxxxxx<\/strong><\/span><\/figcaption><\/figure>\n\n\n\n<figure class=\"wp-block-image size-large\"><img loading=\"lazy\" width=\"724\" height=\"1024\" src=\"https:\/\/legrenier-meublesolidaire-tarbes.fr\/wp-content\/uploads\/2025\/10\/promotion-automne-2025-1-724x1024.jpg\" alt=\"\" class=\"wp-image-5983\" srcset=\"https:\/\/legrenier-meublesolidaire-tarbes.fr\/wp-content\/uploads\/2025\/10\/promotion-automne-2025-1-724x1024.jpg 724w, https:\/\/legrenier-meublesolidaire-tarbes.fr\/wp-content\/uploads\/2025\/10\/promotion-automne-2025-1-212x300.jpg 212w, https:\/\/legrenier-meublesolidaire-tarbes.fr\/wp-content\/uploads\/2025\/10\/promotion-automne-2025-1-768x1086.jpg 768w, https:\/\/legrenier-meublesolidaire-tarbes.fr\/wp-content\/uploads\/2025\/10\/promotion-automne-2025-1-1086x1536.jpg 1086w, https:\/\/legrenier-meublesolidaire-tarbes.fr\/wp-content\/uploads\/2025\/10\/promotion-automne-2025-1-1448x2048.jpg 1448w, https:\/\/legrenier-meublesolidaire-tarbes.fr\/wp-content\/uploads\/2025\/10\/promotion-automne-2025-1.jpg 1654w\" sizes=\"(max-width: 724px) 100vw, 724px\" \/><figcaption><span class=\"has-inline-color has-vivid-red-color\">xxxxxxxxxxxxxxxxxxxxxxxxxxxxxxxxxxxxxxxxxxxxxxxxxxxxxxxxxxxxxxxxxxxxxxxxxxx<\/span><\/figcaption><\/figure>\n\n\n\n<figure class=\"wp-block-image size-large is-resized\"><img loading=\"lazy\" src=\"https:\/\/legrenier-meublesolidaire-tarbes.fr\/wp-content\/uploads\/2025\/10\/SALON-HABITAT-2025-724x1024.jpg\" alt=\"\" class=\"wp-image-5979\" width=\"724\" height=\"1024\" srcset=\"https:\/\/legrenier-meublesolidaire-tarbes.fr\/wp-content\/uploads\/2025\/10\/SALON-HABITAT-2025-724x1024.jpg 724w, https:\/\/legrenier-meublesolidaire-tarbes.fr\/wp-content\/uploads\/2025\/10\/SALON-HABITAT-2025-212x300.jpg 212w, https:\/\/legrenier-meublesolidaire-tarbes.fr\/wp-content\/uploads\/2025\/10\/SALON-HABITAT-2025-768x1086.jpg 768w, https:\/\/legrenier-meublesolidaire-tarbes.fr\/wp-content\/uploads\/2025\/10\/SALON-HABITAT-2025-1086x1536.jpg 1086w, https:\/\/legrenier-meublesolidaire-tarbes.fr\/wp-content\/uploads\/2025\/10\/SALON-HABITAT-2025-1448x2048.jpg 1448w, https:\/\/legrenier-meublesolidaire-tarbes.fr\/wp-content\/uploads\/2025\/10\/SALON-HABITAT-2025.jpg 1654w\" sizes=\"(max-width: 724px) 100vw, 724px\" \/><figcaption>XXXXXXXXXXXXXXXXXXXXXXXXXXXXXXXXXXXXXXXXXXXXXXXXXXXXXXXXXXX<\/figcaption><\/figure>\n\n\n\n<figure class=\"wp-block-image size-large is-resized\"><img loading=\"lazy\" src=\"https:\/\/legrenier-meublesolidaire-tarbes.fr\/wp-content\/uploads\/2025\/09\/terro-art-2025-724x1024.jpg\" alt=\"\" class=\"wp-image-5949\" width=\"724\" height=\"1024\" srcset=\"https:\/\/legrenier-meublesolidaire-tarbes.fr\/wp-content\/uploads\/2025\/09\/terro-art-2025-724x1024.jpg 724w, https:\/\/legrenier-meublesolidaire-tarbes.fr\/wp-content\/uploads\/2025\/09\/terro-art-2025-212x300.jpg 212w, https:\/\/legrenier-meublesolidaire-tarbes.fr\/wp-content\/uploads\/2025\/09\/terro-art-2025-768x1087.jpg 768w, https:\/\/legrenier-meublesolidaire-tarbes.fr\/wp-content\/uploads\/2025\/09\/terro-art-2025-1086x1536.jpg 1086w, https:\/\/legrenier-meublesolidaire-tarbes.fr\/wp-content\/uploads\/2025\/09\/terro-art-2025-1447x2048.jpg 1447w, https:\/\/legrenier-meublesolidaire-tarbes.fr\/wp-content\/uploads\/2025\/09\/terro-art-2025-scaled.jpg 1809w\" sizes=\"(max-width: 724px) 100vw, 724px\" \/><figcaption><strong>XXXXXXXXXXXXXXXXXXXXXXXXXXXXXXXXXXXXXXXXXXXXXXXXXXXXXXXXXXXXXXXXXXX<\/strong><\/figcaption><\/figure>\n\n\n\n<p class=\"has-text-align-center\"><\/p>\n\n\n\n<p class=\"has-text-align-center has-vivid-red-color has-text-color\"><strong>**************************************************************<\/strong><\/p>\n\n\n\n<p class=\"has-vivid-red-color has-text-color has-medium-font-size\"><strong>LA PRESSE PARLE DE L&#8217;OUVERTURE A UNE NOUVELLE ADRESSE DU MAGASIN &#8220;Le GRENIER&#8221; (article paru sur la DEPECHE le 22\/05\/2023). Merci \u00e0 Christian VIGNES.<\/strong><\/p>\n\n\n\n<p class=\"has-medium-font-size\"><strong>&#8220;De beaux meubles restaur\u00e9s, et une ambiance chaleureuse au Grenier de Solidar Meubles &#8220;L&#8217;association d&#8217;insertion Solidar Meubles vient d&#8217;ouvrir un nouvel espace de vente, rue des Carmes \u00e0 Tarbes. L&#8217;occasion de d\u00e9couvrir les superbes productions r\u00e9nov\u00e9es ou customis\u00e9es et surtout l&#8217;esprit convivial qui y r\u00e8gne.&#8221;<\/strong><\/p>\n\n\n\n<figure class=\"wp-block-image size-large\"><img loading=\"lazy\" width=\"885\" height=\"500\" src=\"https:\/\/legrenier-meublesolidaire-tarbes.fr\/wp-content\/uploads\/2023\/05\/photo-journal-mai-2023.jpg\" alt=\"\" class=\"wp-image-4327\" srcset=\"https:\/\/legrenier-meublesolidaire-tarbes.fr\/wp-content\/uploads\/2023\/05\/photo-journal-mai-2023.jpg 885w, https:\/\/legrenier-meublesolidaire-tarbes.fr\/wp-content\/uploads\/2023\/05\/photo-journal-mai-2023-300x169.jpg 300w, https:\/\/legrenier-meublesolidaire-tarbes.fr\/wp-content\/uploads\/2023\/05\/photo-journal-mai-2023-768x434.jpg 768w\" sizes=\"(max-width: 885px) 100vw, 885px\" \/><figcaption>NR CHRISTIAN VIGNES SOLIDAR MEUBLES<\/figcaption><\/figure>\n\n\n\n<p class=\"has-text-align-center has-vivid-red-color has-text-color has-medium-font-size\"><strong>**************************************************************<\/strong><\/p>\n\n\n\n<figure class=\"wp-block-image size-large is-resized\"><img loading=\"lazy\" src=\"https:\/\/legrenier-meublesolidaire-tarbes.fr\/wp-content\/uploads\/2023\/05\/inauguration-1-1-724x1024.jpg\" alt=\"\" class=\"wp-image-4310\" width=\"484\" height=\"685\" srcset=\"https:\/\/legrenier-meublesolidaire-tarbes.fr\/wp-content\/uploads\/2023\/05\/inauguration-1-1-724x1024.jpg 724w, https:\/\/legrenier-meublesolidaire-tarbes.fr\/wp-content\/uploads\/2023\/05\/inauguration-1-1-212x300.jpg 212w, https:\/\/legrenier-meublesolidaire-tarbes.fr\/wp-content\/uploads\/2023\/05\/inauguration-1-1-768x1086.jpg 768w, https:\/\/legrenier-meublesolidaire-tarbes.fr\/wp-content\/uploads\/2023\/05\/inauguration-1-1-1086x1536.jpg 1086w, https:\/\/legrenier-meublesolidaire-tarbes.fr\/wp-content\/uploads\/2023\/05\/inauguration-1-1-1448x2048.jpg 1448w, https:\/\/legrenier-meublesolidaire-tarbes.fr\/wp-content\/uploads\/2023\/05\/inauguration-1-1.jpg 1654w\" sizes=\"(max-width: 484px) 100vw, 484px\" \/><\/figure>\n\n\n\n<figure class=\"wp-block-image size-large\"><img loading=\"lazy\" width=\"1024\" height=\"882\" src=\"https:\/\/legrenier-meublesolidaire-tarbes.fr\/wp-content\/uploads\/2023\/05\/facade-avec-banderolle-OUVERTURE-1024x882.jpg\" alt=\"\" class=\"wp-image-4237\" srcset=\"https:\/\/legrenier-meublesolidaire-tarbes.fr\/wp-content\/uploads\/2023\/05\/facade-avec-banderolle-OUVERTURE-1024x882.jpg 1024w, https:\/\/legrenier-meublesolidaire-tarbes.fr\/wp-content\/uploads\/2023\/05\/facade-avec-banderolle-OUVERTURE-300x258.jpg 300w, https:\/\/legrenier-meublesolidaire-tarbes.fr\/wp-content\/uploads\/2023\/05\/facade-avec-banderolle-OUVERTURE-768x661.jpg 768w, https:\/\/legrenier-meublesolidaire-tarbes.fr\/wp-content\/uploads\/2023\/05\/facade-avec-banderolle-OUVERTURE-1536x1322.jpg 1536w, https:\/\/legrenier-meublesolidaire-tarbes.fr\/wp-content\/uploads\/2023\/05\/facade-avec-banderolle-OUVERTURE-2048x1763.jpg 2048w\" sizes=\"(max-width: 1024px) 100vw, 1024px\" \/><figcaption><strong>NOTRE SITE INTERNET EST EN VOIE DE MODIFICATION  &#8211;  NOUS ALLONS INTEGRER NOTRE NOUVEAU MAGASIN<\/strong><\/figcaption><\/figure>\n\n\n\n<figure class=\"wp-block-image size-large\"><img loading=\"lazy\" width=\"724\" height=\"1024\" src=\"https:\/\/legrenier-meublesolidaire-tarbes.fr\/wp-content\/uploads\/2023\/04\/AFFICHE-demenagement2-724x1024.jpg\" alt=\"\" class=\"wp-image-4227\" srcset=\"https:\/\/legrenier-meublesolidaire-tarbes.fr\/wp-content\/uploads\/2023\/04\/AFFICHE-demenagement2-724x1024.jpg 724w, https:\/\/legrenier-meublesolidaire-tarbes.fr\/wp-content\/uploads\/2023\/04\/AFFICHE-demenagement2-212x300.jpg 212w, https:\/\/legrenier-meublesolidaire-tarbes.fr\/wp-content\/uploads\/2023\/04\/AFFICHE-demenagement2-768x1086.jpg 768w, https:\/\/legrenier-meublesolidaire-tarbes.fr\/wp-content\/uploads\/2023\/04\/AFFICHE-demenagement2-1086x1536.jpg 1086w, https:\/\/legrenier-meublesolidaire-tarbes.fr\/wp-content\/uploads\/2023\/04\/AFFICHE-demenagement2-1448x2048.jpg 1448w, https:\/\/legrenier-meublesolidaire-tarbes.fr\/wp-content\/uploads\/2023\/04\/AFFICHE-demenagement2.jpg 1654w\" sizes=\"(max-width: 724px) 100vw, 724px\" \/><\/figure>\n\n\n\n<figure class=\"wp-block-image size-large\"><img loading=\"lazy\" width=\"794\" height=\"1024\" src=\"https:\/\/legrenier-meublesolidaire-tarbes.fr\/wp-content\/uploads\/2022\/10\/SALON-MAISON-2022-794x1024.jpg\" alt=\"\" class=\"wp-image-4035\" srcset=\"https:\/\/legrenier-meublesolidaire-tarbes.fr\/wp-content\/uploads\/2022\/10\/SALON-MAISON-2022-794x1024.jpg 794w, https:\/\/legrenier-meublesolidaire-tarbes.fr\/wp-content\/uploads\/2022\/10\/SALON-MAISON-2022-233x300.jpg 233w, https:\/\/legrenier-meublesolidaire-tarbes.fr\/wp-content\/uploads\/2022\/10\/SALON-MAISON-2022-768x991.jpg 768w, https:\/\/legrenier-meublesolidaire-tarbes.fr\/wp-content\/uploads\/2022\/10\/SALON-MAISON-2022-1191x1536.jpg 1191w, https:\/\/legrenier-meublesolidaire-tarbes.fr\/wp-content\/uploads\/2022\/10\/SALON-MAISON-2022-1588x2048.jpg 1588w, https:\/\/legrenier-meublesolidaire-tarbes.fr\/wp-content\/uploads\/2022\/10\/SALON-MAISON-2022.jpg 1648w\" sizes=\"(max-width: 794px) 100vw, 794px\" \/><figcaption>Participation de SOLIDAR&#8217;meubles au Salon de la Maison du 14 AU 16 octobre 2022 au Parc des Expositions de TARBES<\/figcaption><\/figure>\n\n\n\n<p>_____________________________________________________________________________________________________________________________<\/p>\n\n\n\n<figure class=\"wp-block-video\"><video controls src=\"https:\/\/legrenier-meublesolidaire-tarbes.fr\/wp-content\/uploads\/2022\/09\/TERRO-ART-2022.mp4\"><\/video><figcaption>PARTICIPATION DE SOLIDAR&#8217;meubles au SALON TERRO&#8217;ART &#8211; 24 ET 25 SEPTEMBRE 2022<\/figcaption><\/figure>\n\n\n\n<p>______________________________________________________________________________________________________________________________<\/p>\n\n\n\n<figure class=\"wp-block-video\"><video controls src=\"https:\/\/legrenier-meublesolidaire-tarbes.fr\/wp-content\/uploads\/2022\/09\/VISITE-OLIVIER-DUSSOPT1.mp4\"><\/video><figcaption><strong>VISITE DE M. OLIVIER DISSOPT &#8211; MINISTRE DU TRAVAIL<\/strong>, DU PLEIN EMPLOI ET DE L&#8217;INSERTION<\/figcaption><\/figure>\n\n\n\n<p>______________________________________________________________________________________________________________________________<\/p>\n\n\n\n<figure class=\"wp-block-video\"><video controls src=\"https:\/\/legrenier-meublesolidaire-tarbes.fr\/wp-content\/uploads\/2022\/01\/SOLIDARm-AU-SALON-MARIAGE-music-1.mp4\"><\/video><figcaption><strong>NOTRE PARTICIPATION AU SALON DU MARIAGE 2022<\/strong><\/figcaption><\/figure>\n\n\n\n<p>_____________________________________________________________________________________________________________________________<\/p>\n\n\n\n<ul><li><strong>NOVEMBRE 2020  : mise en ligne de notre \u00e9tablissement sur le site :   tarbes-soyons solidaires <\/strong><\/li><\/ul>\n\n\n\n<p>Lien :  <a href=\"https:\/\/tarbes.soyons-solidaires.fr\/fiche-annuaire-commercant\/solidarmeubles\/\"> SOLIDAR&#8217;MEUBLES &#8211; Tarbes &#8211; Soyons solidaires (soyons-solidaires.fr<\/a>)<\/p>\n\n\n\n<p class=\"has-vivid-red-color has-text-color\"><strong>______________________________________________________________________________<\/strong><\/p>\n\n\n\n<p><\/p>\n\n\n\n<ul><li><strong>26 et 27 SEPTEMBRE 2020 : Participation au Salon Terro&#8217;Art<\/strong><\/li><\/ul>\n\n\n\n<figure class=\"wp-block-image size-large\"><img loading=\"lazy\" width=\"789\" height=\"1024\" src=\"http:\/\/legrenier-meublesolidaire-tarbes.fr\/wp-content\/uploads\/2020\/11\/terroart5-789x1024.jpg\" alt=\"\" class=\"wp-image-426\" srcset=\"https:\/\/legrenier-meublesolidaire-tarbes.fr\/wp-content\/uploads\/2020\/11\/terroart5-789x1024.jpg 789w, https:\/\/legrenier-meublesolidaire-tarbes.fr\/wp-content\/uploads\/2020\/11\/terroart5-231x300.jpg 231w, https:\/\/legrenier-meublesolidaire-tarbes.fr\/wp-content\/uploads\/2020\/11\/terroart5-768x997.jpg 768w, https:\/\/legrenier-meublesolidaire-tarbes.fr\/wp-content\/uploads\/2020\/11\/terroart5-1183x1536.jpg 1183w, https:\/\/legrenier-meublesolidaire-tarbes.fr\/wp-content\/uploads\/2020\/11\/terroart5-1577x2048.jpg 1577w, https:\/\/legrenier-meublesolidaire-tarbes.fr\/wp-content\/uploads\/2020\/11\/terroart5-scaled.jpg 1972w\" sizes=\"(max-width: 789px) 100vw, 789px\" \/><\/figure>\n\n\n\n<figure class=\"wp-block-video\"><video controls src=\"http:\/\/legrenier-meublesolidaire-tarbes.fr\/wp-content\/uploads\/2020\/11\/terroart-2020-video.mp4\"><\/video><\/figure>\n\n\n\n<p><\/p>\n","protected":false},"excerpt":{"rendered":"<p>************************************************************** LA PRESSE PARLE DE L&#8217;OUVERTURE A UNE NOUVELLE ADRESSE DU MAGASIN &#8220;Le GRENIER&#8221; (article paru sur la DEPECHE le 22\/05\/2023). Merci \u00e0 Christian VIGNES. &#8220;De beaux meubles restaur\u00e9s, et une ambiance chaleureuse au Grenier de Solidar Meubles &#8220;L&#8217;association d&#8217;insertion Solidar Meubles vient d&#8217;ouvrir un nouvel espace de vente, rue des Carmes \u00e0 Tarbes. L&#8217;occasion [&hellip;]<\/p>\n","protected":false},"author":1,"featured_media":0,"parent":0,"menu_order":0,"comment_status":"closed","ping_status":"closed","template":"","meta":[],"yoast_head":"<!-- This site is optimized with the Yoast SEO plugin v15.7 - https:\/\/yoast.com\/wordpress\/plugins\/seo\/ -->\n<title>AGENDA ACTUALITES - LE GRENIER Meubles Solidaires TARBES<\/title>\n<meta name=\"robots\" content=\"index, follow, max-snippet:-1, max-image-preview:large, max-video-preview:-1\" \/>\n<link rel=\"canonical\" href=\"https:\/\/legrenier-meublesolidaire-tarbes.fr\/index.php\/agenda-actalites\/\" \/>\n<meta property=\"og:locale\" content=\"fr_FR\" \/>\n<meta property=\"og:type\" content=\"article\" \/>\n<meta property=\"og:title\" content=\"AGENDA ACTUALITES - LE GRENIER Meubles Solidaires TARBES\" \/>\n<meta property=\"og:description\" content=\"************************************************************** LA PRESSE PARLE DE L&#8217;OUVERTURE A UNE NOUVELLE ADRESSE DU MAGASIN &#8220;Le GRENIER&#8221; (article paru sur la DEPECHE le 22\/05\/2023). Merci \u00e0 Christian VIGNES. &#8220;De beaux meubles restaur\u00e9s, et une ambiance chaleureuse au Grenier de Solidar Meubles &#8220;L&#8217;association d&#8217;insertion Solidar Meubles vient d&#8217;ouvrir un nouvel espace de vente, rue des Carmes \u00e0 Tarbes. L&#8217;occasion [&hellip;]\" \/>\n<meta property=\"og:url\" content=\"https:\/\/legrenier-meublesolidaire-tarbes.fr\/index.php\/agenda-actalites\/\" \/>\n<meta property=\"og:site_name\" content=\"LE GRENIER Meubles Solidaires TARBES\" \/>\n<meta property=\"article:publisher\" content=\"https:\/\/www.facebook.com\/solidarmeublestarbes\/\" \/>\n<meta property=\"article:modified_time\" content=\"2025-12-28T17:35:26+00:00\" \/>\n<meta property=\"og:image\" content=\"https:\/\/legrenier-meublesolidaire-tarbes.fr\/wp-content\/uploads\/2025\/12\/2026-voeux--1024x724.jpg\" \/>\n<meta name=\"twitter:card\" content=\"summary_large_image\" \/>\n<meta name=\"twitter:label1\" content=\"Dur\u00e9e de lecture est.\">\n\t<meta name=\"twitter:data1\" content=\"3 minutes\">\n<script type=\"application\/ld+json\" class=\"yoast-schema-graph\">{\"@context\":\"https:\/\/schema.org\",\"@graph\":[{\"@type\":\"Organization\",\"@id\":\"https:\/\/legrenier-meublesolidaire-tarbes.fr\/#organization\",\"name\":\"SOLIDAR'meubles LE GRENIER\",\"url\":\"https:\/\/legrenier-meublesolidaire-tarbes.fr\/\",\"sameAs\":[\"https:\/\/www.facebook.com\/solidarmeublestarbes\/\"],\"logo\":{\"@type\":\"ImageObject\",\"@id\":\"https:\/\/legrenier-meublesolidaire-tarbes.fr\/#logo\",\"inLanguage\":\"fr-FR\",\"url\":\"https:\/\/legrenier-meublesolidaire-tarbes.fr\/wp-content\/uploads\/2020\/11\/LOGO-SOLIDAR-M.jpg\",\"width\":153,\"height\":150,\"caption\":\"SOLIDAR'meubles LE GRENIER\"},\"image\":{\"@id\":\"https:\/\/legrenier-meublesolidaire-tarbes.fr\/#logo\"}},{\"@type\":\"WebSite\",\"@id\":\"https:\/\/legrenier-meublesolidaire-tarbes.fr\/#website\",\"url\":\"https:\/\/legrenier-meublesolidaire-tarbes.fr\/\",\"name\":\"LE GRENIER Meubles Solidaires TARBES\",\"description\":\"Embellissez votre int\\u00e9rieur avec nos ventes de meubles solidaires\",\"publisher\":{\"@id\":\"https:\/\/legrenier-meublesolidaire-tarbes.fr\/#organization\"},\"potentialAction\":[{\"@type\":\"SearchAction\",\"target\":\"https:\/\/legrenier-meublesolidaire-tarbes.fr\/?s={search_term_string}\",\"query-input\":\"required name=search_term_string\"}],\"inLanguage\":\"fr-FR\"},{\"@type\":\"ImageObject\",\"@id\":\"https:\/\/legrenier-meublesolidaire-tarbes.fr\/index.php\/agenda-actalites\/#primaryimage\",\"inLanguage\":\"fr-FR\",\"url\":\"https:\/\/legrenier-meublesolidaire-tarbes.fr\/wp-content\/uploads\/2025\/12\/2026-voeux-.jpg\",\"width\":1631,\"height\":1153},{\"@type\":\"WebPage\",\"@id\":\"https:\/\/legrenier-meublesolidaire-tarbes.fr\/index.php\/agenda-actalites\/#webpage\",\"url\":\"https:\/\/legrenier-meublesolidaire-tarbes.fr\/index.php\/agenda-actalites\/\",\"name\":\"AGENDA ACTUALITES - LE GRENIER Meubles Solidaires TARBES\",\"isPartOf\":{\"@id\":\"https:\/\/legrenier-meublesolidaire-tarbes.fr\/#website\"},\"primaryImageOfPage\":{\"@id\":\"https:\/\/legrenier-meublesolidaire-tarbes.fr\/index.php\/agenda-actalites\/#primaryimage\"},\"datePublished\":\"2020-11-13T18:30:01+00:00\",\"dateModified\":\"2025-12-28T17:35:26+00:00\",\"inLanguage\":\"fr-FR\",\"potentialAction\":[{\"@type\":\"ReadAction\",\"target\":[\"https:\/\/legrenier-meublesolidaire-tarbes.fr\/index.php\/agenda-actalites\/\"]}]}]}<\/script>\n<!-- \/ Yoast SEO plugin. -->","_links":{"self":[{"href":"https:\/\/legrenier-meublesolidaire-tarbes.fr\/index.php\/wp-json\/wp\/v2\/pages\/359"}],"collection":[{"href":"https:\/\/legrenier-meublesolidaire-tarbes.fr\/index.php\/wp-json\/wp\/v2\/pages"}],"about":[{"href":"https:\/\/legrenier-meublesolidaire-tarbes.fr\/index.php\/wp-json\/wp\/v2\/types\/page"}],"author":[{"embeddable":true,"href":"https:\/\/legrenier-meublesolidaire-tarbes.fr\/index.php\/wp-json\/wp\/v2\/users\/1"}],"replies":[{"embeddable":true,"href":"https:\/\/legrenier-meublesolidaire-tarbes.fr\/index.php\/wp-json\/wp\/v2\/comments?post=359"}],"version-history":[{"count":45,"href":"https:\/\/legrenier-meublesolidaire-tarbes.fr\/index.php\/wp-json\/wp\/v2\/pages\/359\/revisions"}],"predecessor-version":[{"id":6103,"href":"https:\/\/legrenier-meublesolidaire-tarbes.fr\/index.php\/wp-json\/wp\/v2\/pages\/359\/revisions\/6103"}],"wp:attachment":[{"href":"https:\/\/legrenier-meublesolidaire-tarbes.fr\/index.php\/wp-json\/wp\/v2\/media?parent=359"}],"curies":[{"name":"wp","href":"https:\/\/api.w.org\/{rel}","templated":true}]}}